{"id":26,"date":"2026-04-10T14:23:49","date_gmt":"2026-04-10T12:23:49","guid":{"rendered":"https:\/\/www.dataservice.se\/?page_id=26"},"modified":"2026-04-10T15:06:32","modified_gmt":"2026-04-10T13:06:32","slug":"anmalan","status":"publish","type":"page","link":"https:\/\/www.dataservice.se\/index.php\/anmalan\/","title":{"rendered":"Tippa VM"},"content":{"rendered":"\n<h2 class=\"wp-block-heading\">Du som vill vara med i v\u00e5rt kompisg\u00e4ng och tippa matcher i VM. G\u00f6r din f\u00f6ranm\u00e4lan genom formul\u00e4ret.<\/h2>\n","protected":false},"excerpt":{"rendered":"<p>Du som vill vara med i v\u00e5rt kompisg\u00e4ng och tippa matcher i VM. G\u00f6r din f\u00f6ranm\u00e4lan genom formul\u00e4ret.<\/p>\n","protected":false},"author":1,"featured_media":0,"parent":0,"menu_order":0,"comment_status":"closed","ping_status":"closed","template":"","meta":{"footnotes":""},"class_list":["post-26","page","type-page","status-publish","hentry"],"_links":{"self":[{"href":"https:\/\/www.dataservice.se\/index.php\/wp-json\/wp\/v2\/pages\/26","targetHints":{"allow":["GET"]}}],"collection":[{"href":"https:\/\/www.dataservice.se\/index.php\/wp-json\/wp\/v2\/pages"}],"about":[{"href":"https:\/\/www.dataservice.se\/index.php\/wp-json\/wp\/v2\/types\/page"}],"author":[{"embeddable":true,"href":"https:\/\/www.dataservice.se\/index.php\/wp-json\/wp\/v2\/users\/1"}],"replies":[{"embeddable":true,"href":"https:\/\/www.dataservice.se\/index.php\/wp-json\/wp\/v2\/comments?post=26"}],"version-history":[{"count":2,"href":"https:\/\/www.dataservice.se\/index.php\/wp-json\/wp\/v2\/pages\/26\/revisions"}],"predecessor-version":[{"id":33,"href":"https:\/\/www.dataservice.se\/index.php\/wp-json\/wp\/v2\/pages\/26\/revisions\/33"}],"wp:attachment":[{"href":"https:\/\/www.dataservice.se\/index.php\/wp-json\/wp\/v2\/media?parent=26"}],"curies":[{"name":"wp","href":"https:\/\/api.w.org\/{rel}","templated":true}]}}